{"id":8,"date":"2020-01-09T15:30:52","date_gmt":"2020-01-09T15:30:52","guid":{"rendered":"https:\/\/www.avantel.de\/events\/?page_id=8"},"modified":"2020-01-12T22:55:18","modified_gmt":"2020-01-12T22:55:18","slug":"8-2","status":"publish","type":"page","link":"https:\/\/www.avantel.de\/events\/","title":{"rendered":""},"content":{"rendered":"<p><!--\n\n<div id=\"abstand\"><\/div>\n\n--><\/p>\n<div style=\"min-height: 500px;\"><style type=\"text\/css\">\n.tagcloudlink a { color:#e71d72; text-decoration:none;transition: all 0.1s ease 0s; }\n.tagcloudlink:hover { \n\ttransition: all 0.1s ease 0s;\n\t-webkit-transform: scale(1.1);\n\t-moz-transform: scale(1.1);\n\t-ms-transform: scale(1.1);\n\t-o-transform: scale(1.1);\n\ttransform: scale(1.1);\n}\n.tagcloudwort:hover { \n\t\/*-webkit-transform: scale(1.1);\n\t-moz-transform: scale(1.1);\n\t-ms-transform: scale(1.1);\n\t-o-transform: scale(1.1);\n\ttransform: scale(1.1);*\/\n}\n\n#startanimgif { width:30%; }\n#startheaderimg { visibility:visible;height:200px;width:115%;position:absolute;top:140px;left:0;overflow:hidden;border-top:1px solid #000; }\n#texte { visibility:visible;width:99%;position:relative;right:0px;text-align:left;top:-10px;height:330px;opacity:0; }\n#anim { position:relative;top:330px;left:280px; }\n#abstand { height:50px; }\n\n@media screen and (max-width: 500px) {\n\t#startanimgif { width:60%;position:relative;top:-50px; }\n\t#startheaderimg { visibility:hidden; }\n\t#texte { visibility:hidden; }\n}\n\n#box {\n   background-color:#FFFFFF;\n   padding:10px;\n   font-size:23px;\n   position:fixed;\n   right:50px;\n   top:500px; \/* top:-40vh; *\/\n   z-index:3;\n   font-size:15px;\n   font-family:arial;\n   z-index:150;\n   text-align:left;\n   opacity:0.9;\n   scroll-behavior: smooth;\n   \/* color:#E71D73; *\/\n   color:#000000;\n   border:1px solid #000000;\n   font-weight:400;\n}\n\n#box2 {\n   background-color:#FFFFFF;\n   padding:10px;\n   font-size:23px;\n   position:absolute;\n   right:50px;\n   margin-top:-150px;\n   width:430px;\n   z-index:3;\n   \/*font-size:15px;*\/\n   font-family:arial;\n   z-index:150;\n   text-align:left;\n   opacity:0.9;\n   color:#E71D73;\n   border:1px solid #000000;\n   font-weight:600;\n}\n\n#wald {\n\tbackground:url('\/home\/bilder\/avantel-startseite-wald.jpg');\n\tbackground-size:cover;\n\tbackground-position:50% 50%;\n\tbackground-repeat:no-repeat;\n\theight:110%;height:110vh;\n\twidth:100%;\n\tposition:absolute;\n\ttop:-110vh;\n\tleft:0;\n\tz-index:0;\n\tscroll-behavior: smooth;\n}\n\n#b2 { \n\twidth:100%;\n\theight:auto;\n\tmin-height:400px;\n\tbackground-image:url('\/home\/bilder\/avantel-baeume.jpg');\n\tbackground-attachment: fixed;\n\tbackground-position: center;\n\tbackground-repeat: no-repeat;\n\tbackground-size: cover;\n\tposition:relative;\n\n}\n\n.wrap {\n    margin-left:0;\n    margin-right: 0;\n    max-width: 100%;\n    padding-left:0;\n    padding-right:0;\n}\n\n#tablelefttop {\n\ttext-align:left;\n\tpadding-left:50px;\n\twidth:44%;\n\tpadding-right:10px\n}\n#tableleftteam {\n\ttext-align:left;\n\tpadding-left:50px;\n}\n<\/style>\n\n\n\n<script type=\"text\/javascript\">\t\nfunction displayinfo() {\n\tvar i = document.getElementById(\"info\"); \n\ti.style.visibility = 'visible';\n}\n\n\nfunction fader(layer,wert) {\n\tvar i = wert;\n\tvar h = document.getElementById(layer); \n\t\n\tif(i < 9) { \n\t\th.style.opacity = \"0.\"+i;\n\t\ti = i + 1;\n\t\tsetTimeout(\"fader('\"+layer+\"',\"+i+\")\",100); \n\t} else if(i == 9) { \n\t\th.style.opacity = \"100\";\n\t\t\n\t}\t\n}\n\nfunction fadeout(layer,wert) {\n\tvar i = wert;\n\tvar h = document.getElementById(layer); \n\t\n\tif(i > 1) { \n\t\th.style.opacity = \"0.\"+i;\n\t\ti = i - 1;\n\t\tsetTimeout(\"fadeout('\"+layer+\"',\"+i+\")\",100); \n\t} else if(i <= 1) { \n\t\th.style.opacity = \"0\";\n\t\t\n\t}\t\n}\n\nfunction starter() {\n\tresizer();\n\t\/\/setTimeout(\"fadeout('startheaderimg',9)\",2000);\n\t\/\/setTimeout(\"fader('texte',0)\",5000);\n\t\/\/document.getElementById('texte').style.opacity = \"100\";\n}\n\nwindow.onload = starter;\n<\/script>\n\n\n\n\n\n<!--\n<div id=\"animhgr\" style=\"position:relative;z-index:999;margin-top:100%;margin-top:100vh;background-color:#FFF;overflow:hidden;\">\n<div id=\"anim\" ><img id=\"startanimgif\" src=\"\/home\/wp-content\/themes\/avantel\/bilder\/avantel-hotel-logo.png\" style=\"width:12%;\"><\/div>\n-->\n\n\n<h2 class=\"starthead zentriert\" style=\"margin-bottom:0px;position:relative;top:-93px;\">Veranstaltungen haben viele Gesichter,<br>\n&nbsp; &nbsp; &nbsp; &nbsp; &nbsp; &nbsp; &nbsp; &nbsp; &nbsp; und in jedes zaubern wir ein L\u00e4cheln!<\/h2>\n\n<table style=\"border-collapse:unset;margin:0;\"><tr>\n<td id=\"tablelefttop\" style=\"\" valign=\"top\">Firmenjubil\u00e4um, Seminare, Pr\u00e4sentationen, Galaabend, Symposium, Roadshow, Hausmesse, Jahrestagung, Betriebsfest, Konferenz\u2026.\n<br><br>\nEvents haben viele Gesichter!\n<br><br>\nAls Full-Service Agentur hei\u00dft unser Leitspruch: \u201eKann ich nicht, war gestern!\u201c\n<br><br>\nMit viel Herzblut und Leidenschaft betreuen wir jedes Event und machen es zu einer erfolgreichen Veranstaltung. \n<br><br>\nWir sind vom ersten Tag an Ihrer Seite und \u00fcbernehmen die Recherche der Location, Veranstaltungstechnik, Teilnehmerverwaltung, Vermittlung von Speakern, Hotelservice, Organisation der Transfers bis zur kompletten Abrechnung. \n<br><br>\nUm nur einen kleinen Einblick unseres Serviceangebotes zu vermitteln!\n\n<\/td>\n<td id=\"tablerighttop\" style=\"padding-left:20px;\" valign=\"top\">\n<img src=\"https:\/\/www.avantel.de\/events\/wp-content\/themes\/avantelevents\/bilder\/avantel-events-cloud.png\" alt=\"Avantel Events\">\n<\/td><\/tr><\/table>\n<\/div>\n\n\n\n\n<style type=\"text\/css\">\n\n\n\n#tableleftteam { width:46%; }\n#teamfotomobile { visibility: hidden; height:0; }\n\n@media screen and (max-width: 600px) {\n\t#tablerighttop { width:0px; visibility:hidden; }\n\t#tablelefttop { width:99%;font-size:14px; }\n\n\t#teamfotomobile { visibility: visible;height:auto; }\n\n\t#tableleftteam { width:99%;font-size:14px; }\n\t#tablerightteam { width:0px; visibility:hidden; }\n\t\n\t#box2 { right:20px; width:370px; font-size:19px; text-align:center; }\n\t#box { left:10px; right:20px; }\n\t\n\t.entry-content { margin-top:46px; }\n}\n\n@media screen and (max-width: 700px) {\n\t#tablelefttop { font-size:12px; }\n\t#tableleftteam { font-size:12px; }\n}\n\n@media screen and (max-width: 800px) {\n\t#tablelefttop { font-size:12px; }\n\t#tableleftteam { font-size:12px; }\n}\n\n@media screen and (max-width: 900px) {\n\t#tableleftteam { font-size:12px; }\n}\n\n@media screen and (min-width: 500px) {\n\t#anim { top:360px;left:110px; }\n\t#startheaderimg { top:190px; }\n\t#texte { height:500px; }\n\t#abstand { height:100px; }\n\t\n}\n@media screen and (min-width: 600px) {\n\t#anim { top:360px;left:180px; }\n\t#startheaderimg { top:190px; }\n\t#texte { height:450px; }\n\t#abstand { height:100px; }\n\t\n}\n@media screen and (min-width: 800px) {\n\t#anim { top:360px;left:220px; }\n\t#startheaderimg { top:190px; }\n\t#texte { height:500px; }\n\t#abstand { height:100px; }\n\t\n}\n@media screen and (min-width: 1000px) {\n\t#anim { top:320px;left:250px; }\n\t#startheaderimg { top:190px; }\n\t#texte { height:500px; }\n\t#abstand { height:100px; }\n\t\n}\n@media screen and (min-width: 1200px) {\n\t#anim { top:330px;left:270px; }\n\t#startheaderimg { top:190px; }\n\t#texte { height:500px; }\n\t#abstand { height:100px; }\n\t\n\n\t#tablelefttop { padding-left:70px;padding-right:100px;}\n\t#tableleftteam { padding-left:70px;}\n\n}\n@media screen and (min-width: 1400px) {\n\t#anim { top:350px;left:296px; }\n\t#startheaderimg { top:190px; }\n\t#texte { height:500px; }\n\t#abstand { height:100px; }\n\t\n}\n@media screen and (min-width: 1600px) {\n\t#anim { top:380px;left:380px; }\n\t#startheaderimg { top:260px; }\n\t#texte { height:560px; }\n\t#abstand { height:250px; }\n\t\n\n\t#tablelefttop { padding-left:100px;padding-right:100px; }\n\t#tableleftteam { padding-left:100px;}\n\t\n}\n@media screen and (min-width: 1800px) {\n\t#anim { top:400px;left:400px; }\n\t#startheaderimg { top:340px; }\n\t#texte { height:700px; }\n\t#abstand { height:450px; }\n\t\n}\n@media screen and (min-width: 1900px) {\n\t#anim { top:480px;left:420px; }\n\t#startheaderimg { top:340px; }\n\t#texte { height:700px; }\n\t#abstand { height:450px; }\n\t\n\n}\n@media screen and (min-width: 2100px) {\n\t#anim { top:520px;left:460px; }\n\t#startheaderimg { top:340px; }\n\t#texte { height:700px; }\n\t#abstand { height:450px; }\n\t\n}\n<\/style>\n\n\n\n<\/div>\n<p><a name=\"dienstleistungen\"><\/a><\/p>\n<p>&nbsp;<br \/>\n<a name=\"dienstleistungen\"><\/a><\/p>\n<h2 class=\"starthead zentriert\">Unsere Dienstleistungen<\/h2>\n<div style=\"min-height: 500px;\"><\/p>\n\n<div style=\"width:66%;margin: 0 auto;\">\n<a href=\"\/grosveranstaltungen\" style=\"color:#FFF;\"><div id=\"eins\" class=\"btbutton btstartgrosveranstaltungen\"><div class=\"bttext\">Gro&szlig;veranstaltungen<\/div><\/div><\/a>\n<a href=\"\/kongresse\"><div id=\"zwei\" class=\"btbutton btstartkongresse\" ><div class=\"bttext\">Kongresse<\/div><\/div><\/a>\n\n\n<a href=\"\/mice\"><div id=\"drei\" class=\"btbutton btstartmice\" style=\"clear:both;\"><div class=\"bttext\">MICE<\/div><\/div><\/a>\n\n\n<a href=\"\/events\"><div id=\"vier\" class=\"btbutton btstartevents\"><div class=\"bttext\">Privatveranstaltungen<\/div><\/div><\/a>\n<\/div><\/div>\n<p><a name=\"team\"><\/a><br \/>\n<!--\n&nbsp;\n\n\n<h2 class=\"starthead zentriert\">Alte Hasen, junge Wilde und viel Herzblut \u2013 das sind Wir!<\/h2>\n\n\n\n<img decoding=\"async\" loading=\"lazy\" id=\"teamfotomobile\" src=\"https:\/\/www.avantel.de\/home\/wp-content\/themes\/avantel\/bilder\/header\/team.jpg\" width=\"100%\" height=\"auto\" \/>\n\n\n\n<table style=\"border-collapse:unset\">\n\n<tr>\n\n\n<td id=\"tableleftteam\" valign=\"top\">Ein pers\u00f6nlicher Kontakt zu Ihnen - unseren Kunden - ist uns sehr wichtig!\nUnser vorrangiges Ziel war und wird es immer sein, Sie bestm\u00f6glich zu beraten und gesch\u00e4ftliches Vertrauen aufzubauen, so dass Sie sich in unseren H\u00e4nden wohlf\u00fchlen und wir Sie somit in Ihrem stressigen Arbeitsalltag entlasten.\nInfolgedessen w\u00fcrden wir Ihnen hier gerne die Gelegenheit geben, sich ein Bild von der jeweiligen freundlichen Stimme am Telefon zu machen.\n\nWir freuen uns jedes Mal aufs Neue, wenn wir Ihnen mit unserer pers\u00f6nlichen Erfahrung aus dem Bereich der Hotellerie, unseren Kontakten und\/oder dem gesamten Wissen unseres Teams helfen k\u00f6nnen, Ihren jeweiligen Wunsch zu verwirklichen.\n\nDenn wir haben unsere Leidenschaft zum Beruf gemacht.\nWir sind AVANTEL!\n\n<\/td>\n\n\n\n\n<td style=\"width:54%;padding-left:20px;\" valign=\"top\" id=\"tablerightteam\">\n<img decoding=\"async\" loading=\"lazy\" src=\"https:\/\/www.avantel.de\/home\/wp-content\/themes\/avantel\/bilder\/header\/team.jpg\" width=\"100%\" height=\"auto\" \/>\n<\/td>\n\n<\/tr>\n\n<\/table>\n\n\n--><\/p>\n","protected":false},"excerpt":{"rendered":"<p>&nbsp; Unsere Dienstleistungen<\/p>\n","protected":false},"author":1,"featured_media":0,"parent":0,"menu_order":0,"comment_status":"closed","ping_status":"closed","template":"","meta":[],"_links":{"self":[{"href":"https:\/\/www.avantel.de\/events\/wp-json\/wp\/v2\/pages\/8"}],"collection":[{"href":"https:\/\/www.avantel.de\/events\/wp-json\/wp\/v2\/pages"}],"about":[{"href":"https:\/\/www.avantel.de\/events\/wp-json\/wp\/v2\/types\/page"}],"author":[{"embeddable":true,"href":"https:\/\/www.avantel.de\/events\/wp-json\/wp\/v2\/users\/1"}],"replies":[{"embeddable":true,"href":"https:\/\/www.avantel.de\/events\/wp-json\/wp\/v2\/comments?post=8"}],"version-history":[{"count":14,"href":"https:\/\/www.avantel.de\/events\/wp-json\/wp\/v2\/pages\/8\/revisions"}],"predecessor-version":[{"id":52,"href":"https:\/\/www.avantel.de\/events\/wp-json\/wp\/v2\/pages\/8\/revisions\/52"}],"wp:attachment":[{"href":"https:\/\/www.avantel.de\/events\/wp-json\/wp\/v2\/media?parent=8"}],"curies":[{"name":"wp","href":"https:\/\/api.w.org\/{rel}","templated":true}]}}