{"id":28,"date":"2020-01-09T22:12:08","date_gmt":"2020-01-09T22:12:08","guid":{"rendered":"https:\/\/www.avantel.de\/events\/?page_id=28"},"modified":"2020-01-09T22:12:08","modified_gmt":"2020-01-09T22:12:08","slug":"mice","status":"publish","type":"page","link":"https:\/\/www.avantel.de\/events\/mice\/","title":{"rendered":"MICE"},"content":{"rendered":"<p>F\u00fcr die Vermittlung von Tagungskapazit\u00e4ten und Hotelzimmern bis zu 50 Personen empfehlen wir Ihnen unsere Online-L\u00f6sung.<\/p>\n<p>Suchen und buchen Sie \u00fcber unsere Suchmaschine. Sie k\u00f6nnen sich die relevanten Hotels oder Tagungs-Locations direkt online anschauen und die komplette Veranstaltung in wenigen Schritten buchen. Nat\u00fcrlich stehen wir Ihnen auch gerne f\u00fcr Buchungsw\u00fcnsche jeglicher Gr\u00f6\u00dfe pers\u00f6nlich zur Verf\u00fcgung!<\/p>\n","protected":false},"excerpt":{"rendered":"<p>F\u00fcr die Vermittlung von Tagungskapazit\u00e4ten und Hotelzimmern bis zu 50 Personen empfehlen wir Ihnen unsere Online-L\u00f6sung. Suchen und buchen Sie \u00fcber unsere Suchmaschine. Sie k\u00f6nnen sich die relevanten Hotels oder Tagungs-Locations direkt online anschauen und die komplette Veranstaltung in wenigen Schritten buchen. Nat\u00fcrlich stehen wir Ihnen auch gerne f\u00fcr Buchungsw\u00fcnsche jeglicher Gr\u00f6\u00dfe pers\u00f6nlich zur Verf\u00fcgung!<\/p>\n","protected":false},"author":1,"featured_media":0,"parent":0,"menu_order":0,"comment_status":"closed","ping_status":"closed","template":"","meta":[],"_links":{"self":[{"href":"https:\/\/www.avantel.de\/events\/wp-json\/wp\/v2\/pages\/28"}],"collection":[{"href":"https:\/\/www.avantel.de\/events\/wp-json\/wp\/v2\/pages"}],"about":[{"href":"https:\/\/www.avantel.de\/events\/wp-json\/wp\/v2\/types\/page"}],"author":[{"embeddable":true,"href":"https:\/\/www.avantel.de\/events\/wp-json\/wp\/v2\/users\/1"}],"replies":[{"embeddable":true,"href":"https:\/\/www.avantel.de\/events\/wp-json\/wp\/v2\/comments?post=28"}],"version-history":[{"count":2,"href":"https:\/\/www.avantel.de\/events\/wp-json\/wp\/v2\/pages\/28\/revisions"}],"predecessor-version":[{"id":67,"href":"https:\/\/www.avantel.de\/events\/wp-json\/wp\/v2\/pages\/28\/revisions\/67"}],"wp:attachment":[{"href":"https:\/\/www.avantel.de\/events\/wp-json\/wp\/v2\/media?parent=28"}],"curies":[{"name":"wp","href":"https:\/\/api.w.org\/{rel}","templated":true}]}}